{"id":8813,"date":"2021-10-20T15:38:57","date_gmt":"2021-10-20T13:38:57","guid":{"rendered":"https:\/\/myintercard.com\/?page_id=8813"},"modified":"2022-08-03T18:12:11","modified_gmt":"2022-08-03T16:12:11","slug":"zusammenfassung-research-coverage-gbc","status":"publish","type":"page","link":"https:\/\/wordpress.intrakey.de\/de\/investoren\/zusammenfassung-research-coverage-gbc","title":{"rendered":"SECANDA | Zusammenfassung \u2013 Research Coverage GBC"},"content":{"rendered":"<div class=\"fusion-fullwidth fullwidth-box fusion-builder-row-1 fusion-flex-container has-pattern-background has-mask-background nonhundred-percent-fullwidth non-hundred-percent-height-scrolling\" style=\"background-color: rgba(0,0,0,0);background-position: center center;background-repeat: no-repeat;border-width: 0px 0px 0px 0px;border-color:var(--awb-custom_color_8);border-style:solid;\" ><div class=\"fusion-builder-row fusion-row fusion-flex-align-items-flex-start\" style=\"max-width:1248px;margin-left: calc(-4% \/ 2 );margin-right: calc(-4% \/ 2 );\"><div class=\"fusion-layout-column fusion_builder_column fusion-builder-column-0 fusion_builder_column_1_1 1_1 fusion-flex-column\"><div class=\"fusion-column-wrapper fusion-flex-justify-content-flex-start fusion-content-layout-column\" style=\"background-position:left top;background-repeat:no-repeat;-webkit-background-size:cover;-moz-background-size:cover;-o-background-size:cover;background-size:cover;padding: 0px 0px 0px 0px;\"><style type=\"text\/css\">@media only screen and (max-width:1400px) {.fusion-title.fusion-title-1{margin-top:0px!important; margin-right:0px!important;margin-bottom:0px!important;margin-left:0px!important;}}@media only screen and (max-width:640px) {.fusion-title.fusion-title-1{margin-top:0px!important; margin-right:0px!important;margin-bottom:0px!important; margin-left:0px!important;}}<\/style><div class=\"fusion-title title fusion-title-1 fusion-sep-none fusion-title-text fusion-title-size-two\" style=\"margin-top:0px;margin-right:0px;margin-bottom:0px;margin-left:0px;\"><h2 class=\"title-heading-left\" style=\"margin:0;color:var(--awb-color3);\">Original-Research: SECANDA AG &#8211; von GBC AG<\/h2><\/div><div class=\"fusion-text fusion-text-1\" style=\"text-transform:none;\"><p>Einstufung von GBC AG zu SECANDA AG<\/p>\n<\/div><\/div><style type=\"text\/css\">.fusion-body .fusion-builder-column-0{width:100% !important;margin-top : 0px;margin-bottom : 40px;}.fusion-builder-column-0 > .fusion-column-wrapper {padding-top : 0px !important;padding-right : 0px !important;margin-right : 1.92%;padding-bottom : 0px !important;padding-left : 0px !important;margin-left : 1.92%;}@media only screen and (max-width:1400px) {.fusion-body .fusion-builder-column-0{width:100% !important;order : 0;}.fusion-builder-column-0 > .fusion-column-wrapper {margin-right : 1.92%;margin-left : 1.92%;}}@media only screen and (max-width:640px) {.fusion-body .fusion-builder-column-0{width:100% !important;order : 0;}.fusion-builder-column-0 > .fusion-column-wrapper {margin-right : 1.92%;margin-left : 1.92%;}}<\/style><\/div><div class=\"fusion-layout-column fusion_builder_column fusion-builder-column-1 fusion_builder_column_1_1 1_1 fusion-flex-column\"><div class=\"fusion-column-wrapper fusion-flex-justify-content-flex-start fusion-content-layout-column\" style=\"background-position:left top;background-repeat:no-repeat;-webkit-background-size:cover;-moz-background-size:cover;-o-background-size:cover;background-size:cover;padding: 0px 0px 0px 0px;\"><div class=\"fusion-text fusion-text-2\" style=\"text-transform:none;\"><p>Unternehmen: SECANDA AG<br \/>\nISIN: DE000A0JC0V8<\/p>\n<p>Anlass der Studie: Researchstudie (Anno)<br \/>\nEmpfehlung: Kaufen<br \/>\nKursziel: 9,70 Euro<br \/>\nKursziel auf Sicht von: 31.12.2023<br \/>\nLetzte Rating\u00e4nderung:<br \/>\nAnalyst: Cosmin Filker; Marcel Schaffer<\/p>\n<p>Umfangreiche technologische Transformation vom reinen Chipkartensystem zum adaptiven und schnittstellen-basierten Gesamtsystem (ID-Management-Anbieter) und Systemintegrator vollzogen<\/p>\n<p>Die SECANDA AG (vormals: InterCard AG Informationssysteme) hat eine umfangreiche technologische Transformation vom multifunktionalen Chipkartensystem zum ID-Gesamtsystem vollzogen. Im Rahmen des Wandels wird das neue ID-System nun unter dem neuen Firmen- und Markenlabel SECANDA vermarktet und soll die digitale Pr\u00e4senz des Unternehmens weitreichend verst\u00e4rkt werden. Im Rahmen der zunehmenden Digitalisierung von Prozessen ist SECANDA nun in der Lage, als Gesamtsystemanbieter, sowohl im Bereich Identifikation (digital &amp; physical access) als auch im Paymentsektor die einzelnen Systeme beziehungsweise L\u00f6sungsanwendungen wie Kassen- und Kiosksysteme oder Zutrittskontrollsysteme zentral geb\u00fcndelt zu implementieren. Konkret ben\u00f6tigt der SECANDA-User zuk\u00fcnftig eine ID zur Abwicklung von Bezahl- und Abrechnungsvorg\u00e4ngen beziehungsweise zur Zugangslegitimation und effizienten Workflows. Durch die technologische Transformation hin zum SECANDA-System ist der User nun nicht mehr ausschlie\u00dflich auf die Chipkarte angewiesen, sondern kann s\u00e4mtliche ID-Vorg\u00e4nge und Transaktionen per SECANDA-App, Schl\u00fcssel-Chip oder Fingerprint abwickeln.<\/p>\n<p>Das Unternehmen hat das Gesch\u00e4ftsjahr 2021 erfolgreich abgeschlossen und ist erneut profitabel gewachsen. Konkret konnte die Gesellschaft den Umsatz von 20,66 Mio. EUR (2020) auf 23,06 Mio. EUR steigern, dies entspricht einem Umsatzwachstum von 11,6%. Der deutliche Umsatzanstieg ist auf die erstmalige ganzj\u00e4hrige Konsolidierung der Mehrheitsbeteiligung IDpendant zur\u00fcckzuf\u00fchren. Auf EBIT-Basis hingegen musste das Unternehmen einen R\u00fcckgang von 1,16 Mio. EUR (2020) auf 0,74 Mio. EUR verzeichnen. Hierf\u00fcr waren insbesondere erh\u00f6hte Personalkosten verantwortlich, in denen sich der Ausbau des Vertriebsteams, der Wegfall von Kurzarbeitergeld sowie die ganzj\u00e4hrige Konsolidierung der IDpendant wiederfinden. Zudem wurde das Ergebnis durch erh\u00f6hte Materialaufwendungen belastet.<\/p>\n<p>Im Rahmen der avisierten Wachstumsstrategie soll das neue ID-System &#8218;SECANDA&#8216; fl\u00e4chendeckend vermarktet werden. Die Expansion der Unternehmensaktivit\u00e4ten basiert auf vier essenziellen Wachstumstreibern. Einerseits soll mithilfe der weitreichenden Vermarktung und Migration von<br \/>\nSECANDA das Bestandskundengesch\u00e4ft ausgeweitet werden und zum Systemstandard am Hochschulmarkt avancieren. Dar\u00fcber hinaus ist die Ausweitung der Gesch\u00e4ftsaktivit\u00e4ten auf neue M\u00e4rkte wie beispielsweise den Klinikmarkt oder die Industrie ein wichtiger Baustein f\u00fcr die Unternehmensexpansion. F\u00fcr das zuk\u00fcnftige Unternehmenswachstum ist zudem die Ausweitung der Gesch\u00e4ftsaktivit\u00e4ten \u00fcber die Kernregionen Deutschland und Schweiz hinaus (Stichwort: Internationalisierung) wichtig. Abschlie\u00dfend plant die SECANDA AG mithilfe von strategischen \u00dcbernahmen das L\u00f6sungsportfolio und die Marktpr\u00e4senz auszuweiten und damit soll k\u00fcnftig, wie auch schon in der Vergangenheit, das anorganische Wachstum ebenfalls eine wichtige Rolle spielen.<\/p>\n<p>Basierend auf dem Vier-S\u00e4ulen-Wachstumsmodell und eines guten Auftrags\u00fcberhangs f\u00fcr das Jahr 2022 geht die Gesellschaft f\u00fcr das laufende Gesch\u00e4ftsjahr von einem Umsatzanstieg auf 25 Mio. EUR aus. Sowohl das EBIT als auch das EBT sollen auf ein Niveau oberhalb der Vorjahreswerte ansteigen, wobei beim EBIT ein Wert von maximal 0,90 Mio. EUR und beim EBT von 0,75 Mio. EUR erwartet wird. In unseren Prognosen f\u00fcr das Jahr 2022 orientieren wir uns an der Unternehmens-Guidance und erwarten f\u00fcr das laufende Gesch\u00e4ftsjahr Umsatzerl\u00f6se in H\u00f6he von 25,42 Mio. EUR, welche alleine schon aus der Erholung des Bestandskundengesch\u00e4ftes erreicht werden sollten. In den kommenden Gesch\u00e4ftsjahren sollte die Wachstumsdynamik durch die Umsetzung der Wachstumsstrategie zulegen und wir rechnen mit Ums\u00e4tzen in H\u00f6he von 29,80 Mio. EUR (2023e) und 34,08 Mio. EUR (2024e). Das von uns f\u00fcr das Jahr 2022 erwartete EBIT in H\u00f6he von 0,90 Mio. EUR sollte in den kommenden Gesch\u00e4ftsjahren \u00fcberproportional ansteigen.<\/p>\n<p>Rahmen unseres DCF-Bewertungsmodells haben wir ein neues Kursziel in H\u00f6he von 9,70 EUR (bisher: 10,40 EUR) ermittelt. Die Anpassung des Kursziels resultiert aus zwei gegenl\u00e4ufigen Effekten. Auf der einen Seite f\u00fchrt der turnmusm\u00e4\u00dfige Roll-Over-Effekt zu einem Anstieg der Kursziels. Auf der anderen Seite haben wir in den gewichteten Kapitalkosten (WACC) den marktbedingten Anstieg des risikolosen Zinssatzes ber\u00fccksichtigt. Als risikolosen Zins verwenden wir aktuell 1,25 % (bisher: 0,25 %), wodurch sich die Kapitalkosten (WACC) auf 7,98 % (bisher: 7,08 %) erh\u00f6hen. Die damit zusammenh\u00e4ngende Kurszielreduktion \u00fcberwiegt den Roll-Over-Effekt. Wir vergeben weiterhin das Rating KAUFEN.<\/p>\n<p>Die vollst\u00e4ndige Analyse k\u00f6nnen Sie hier downloaden:<br \/>\n<a href=\"http:\/\/www.more-ir.de\/d\/24729.pdf\" target=\"_blank\" rel=\"noopener\">http:\/\/www.more-ir.de\/d\/24729.pdf<\/a><\/p>\n<p>Kontakt f\u00fcr R\u00fcckfragen<br \/>\nGBC AG<br \/>\nHalderstra\u00dfe 27<br \/>\n86150 Augsburg<br \/>\n0821 \/ 241133 0<br \/>\n<a href=\"mailto:research@gbc-ag.de\">research@gbc-ag.de<\/a><br \/>\n++++++++++++++++<br \/>\nOffenlegung m\u00f6glicher Interessenskonflikte nach \u00a7 85 WpHG und Art. 20 MAR Beim oben analysierten Unternehmen ist folgender m\u00f6glicher Interessenkonflikt gegeben: (1,4,5a,5b,6a,7,11); Einen Katalog m\u00f6glicher Interessenkonflikte finden Sie unter:<br \/>\n<a href=\"http:\/\/www.gbc-ag.de\/de\/Offenlegung\" target=\"_blank\" rel=\"noopener\">http:\/\/www.gbc-ag.de\/de\/Offenlegung.htm<\/a><br \/>\n+++++++++++++++<br \/>\nDatum und Zeitpunkt der Fertigstellung der Studie: 02.08.2022 (18:39 Uhr)<br \/>\nDatum und Zeitpunkt der Ver\u00f6ffentlichung der Studie: 03.08.2022 (11:00 Uhr)<\/p>\n<p>&#8212;&#8212;&#8212;&#8212;&#8212;&#8212;-\u00fcbermittelt durch die EQS Group AG.&#8212;&#8212;&#8212;&#8212;&#8212;&#8212;-<\/p>\n<p>F\u00fcr den Inhalt der Mitteilung bzw. Research ist alleine der Herausgeber bzw. Ersteller der Studie verantwortlich. Diese Meldung ist keine Anlageberatung oder Aufforderung zum Abschluss bestimmter B\u00f6rsengesch\u00e4fte.<\/p>\n<p>Wenn Sie sich aus dem Verteiler abmelden m\u00f6chten, kopieren Sie bitte den folgenden Link in Ihren Internet-Browser:<br \/>\n<a href=\"https:\/\/eqs-cockpit.com\/cgi-bin\/fncls.ssp?fn=news_unregister_user&amp;s_reference_c=31ef462d7029934f73d9998f5c25e78b\" target=\"_blank\" rel=\"noopener\">https:\/\/eqs-cockpit.com\/cgi-bin\/fncls.ssp?fn=news_unregister_user&amp;s_reference_c=31ef462d7029934f73d9998f5c25e78b<\/a><\/p>\n<\/div><\/div><style type=\"text\/css\">.fusion-body .fusion-builder-column-1{width:100% !important;margin-top : 0px;margin-bottom : 40px;}.fusion-builder-column-1 > .fusion-column-wrapper {padding-top : 0px !important;padding-right : 0px !important;margin-right : 1.92%;padding-bottom : 0px !important;padding-left : 0px !important;margin-left : 1.92%;}@media only screen and (max-width:1400px) {.fusion-body .fusion-builder-column-1{width:100% !important;order : 0;}.fusion-builder-column-1 > .fusion-column-wrapper {margin-right : 1.92%;margin-left : 1.92%;}}@media only screen and (max-width:640px) {.fusion-body .fusion-builder-column-1{width:100% !important;order : 0;}.fusion-builder-column-1 > .fusion-column-wrapper {margin-right : 1.92%;margin-left : 1.92%;}}<\/style><\/div><div class=\"fusion-layout-column fusion_builder_column fusion-builder-column-2 fusion_builder_column_1_1 1_1 fusion-flex-column\"><div class=\"fusion-column-wrapper fusion-flex-justify-content-flex-start fusion-content-layout-column\" style=\"background-position:left top;background-repeat:no-repeat;-webkit-background-size:cover;-moz-background-size:cover;-o-background-size:cover;background-size:cover;padding: 0px 0px 0px 0px;\"><div ><style>.fusion-body .fusion-button.button-1{border-radius:5px 5px 5px 5px;}<\/style><a class=\"fusion-button button-flat fusion-button-default-size button-default button-1 fusion-button-default-span fusion-button-default-type\" target=\"_self\" href=\"javascript:history.back()\"><span class=\"fusion-button-text\">Zur\u00fcck<\/span><\/a><\/div><\/div><style type=\"text\/css\">.fusion-body .fusion-builder-column-2{width:100% !important;margin-top : 0px;margin-bottom : 0px;}.fusion-builder-column-2 > .fusion-column-wrapper {padding-top : 0px !important;padding-right : 0px !important;margin-right : 1.92%;padding-bottom : 0px !important;padding-left : 0px !important;margin-left : 1.92%;}@media only screen and (max-width:1400px) {.fusion-body .fusion-builder-column-2{width:100% !important;order : 0;}.fusion-builder-column-2 > .fusion-column-wrapper {margin-right : 1.92%;margin-left : 1.92%;}}@media only screen and (max-width:640px) {.fusion-body .fusion-builder-column-2{width:100% !important;order : 0;}.fusion-builder-column-2 > .fusion-column-wrapper {margin-right : 1.92%;margin-left : 1.92%;}}<\/style><\/div><\/div><style type=\"text\/css\">.fusion-body .fusion-flex-container.fusion-builder-row-1{ padding-top : 0px;margin-top : 50px;padding-right : 0px;padding-bottom : 0px;margin-bottom : 80px;padding-left : 0px;}@media only screen and (max-width:1400px) {.fusion-body .fusion-flex-container.fusion-builder-row-1{ padding-right : 35px;padding-left : 35px;}}@media only screen and (max-width:640px) {.fusion-body .fusion-flex-container.fusion-builder-row-1{ padding-right : 15px;padding-left : 15px;}}<\/style><\/div>\n","protected":false},"excerpt":{"rendered":"","protected":false},"author":7,"featured_media":0,"parent":1424,"menu_order":0,"comment_status":"closed","ping_status":"closed","template":"100-width.php","meta":[],"yoast_head":"<!-- This site is optimized with the Yoast SEO plugin v19.7.1 - https:\/\/yoast.com\/wordpress\/plugins\/seo\/ -->\n<title>SECANDA | Zusammenfassung \u2013 Research Coverage GBC<\/title>\n<meta name=\"description\" content=\"Original-Research: InterCard AG Informationssysteme \u2013 von GBC AG\" \/>\n<meta name=\"robots\" content=\"index, follow, max-snippet:-1, max-image-preview:large, max-video-preview:-1\" \/>\n<link rel=\"canonical\" href=\"https:\/\/wordpress.intrakey.de\/de\/investoren\/zusammenfassung-research-coverage-gbc\" \/>\n<meta property=\"og:locale\" content=\"de_DE\" \/>\n<meta property=\"og:type\" content=\"article\" \/>\n<meta property=\"og:title\" content=\"SECANDA | Zusammenfassung \u2013 Research Coverage GBC\" \/>\n<meta property=\"og:description\" content=\"Original-Research: InterCard AG Informationssysteme \u2013 von GBC AG\" \/>\n<meta property=\"og:url\" content=\"https:\/\/wordpress.intrakey.de\/de\/investoren\/zusammenfassung-research-coverage-gbc\" \/>\n<meta property=\"og:site_name\" content=\"SECANDA AG\" \/>\n<meta property=\"article:modified_time\" content=\"2022-08-03T16:12:11+00:00\" \/>\n<meta name=\"twitter:card\" content=\"summary_large_image\" \/>\n<meta name=\"twitter:label1\" content=\"Gesch\u00e4tzte Lesezeit\" \/>\n\t<meta name=\"twitter:data1\" content=\"9\u00a0Minuten\" \/>\n<script type=\"application\/ld+json\" class=\"yoast-schema-graph\">{\"@context\":\"https:\/\/schema.org\",\"@graph\":[{\"@type\":\"WebPage\",\"@id\":\"https:\/\/wordpress.intrakey.de\/de\/investoren\/zusammenfassung-research-coverage-gbc\",\"url\":\"https:\/\/wordpress.intrakey.de\/de\/investoren\/zusammenfassung-research-coverage-gbc\",\"name\":\"SECANDA | Zusammenfassung \u2013 Research Coverage GBC\",\"isPartOf\":{\"@id\":\"https:\/\/wordpress.intrakey.de\/de\/#website\"},\"datePublished\":\"2021-10-20T13:38:57+00:00\",\"dateModified\":\"2022-08-03T16:12:11+00:00\",\"description\":\"Original-Research: InterCard AG Informationssysteme \u2013 von GBC AG\",\"breadcrumb\":{\"@id\":\"https:\/\/wordpress.intrakey.de\/de\/investoren\/zusammenfassung-research-coverage-gbc#breadcrumb\"},\"inLanguage\":\"de\",\"potentialAction\":[{\"@type\":\"ReadAction\",\"target\":[\"https:\/\/wordpress.intrakey.de\/de\/investoren\/zusammenfassung-research-coverage-gbc\"]}]},{\"@type\":\"BreadcrumbList\",\"@id\":\"https:\/\/wordpress.intrakey.de\/de\/investoren\/zusammenfassung-research-coverage-gbc#breadcrumb\",\"itemListElement\":[{\"@type\":\"ListItem\",\"position\":1,\"name\":\"Startseite\",\"item\":\"https:\/\/wordpress.intrakey.de\/de\"},{\"@type\":\"ListItem\",\"position\":2,\"name\":\"SECANDA | Investor Relations\",\"item\":\"https:\/\/wordpress.intrakey.de\/de\/investoren\"},{\"@type\":\"ListItem\",\"position\":3,\"name\":\"SECANDA | Zusammenfassung \u2013 Research Coverage GBC\"}]},{\"@type\":\"WebSite\",\"@id\":\"https:\/\/wordpress.intrakey.de\/de\/#website\",\"url\":\"https:\/\/wordpress.intrakey.de\/de\/\",\"name\":\"SECANDA AG\",\"description\":\"\",\"potentialAction\":[{\"@type\":\"SearchAction\",\"target\":{\"@type\":\"EntryPoint\",\"urlTemplate\":\"https:\/\/wordpress.intrakey.de\/de\/?s={search_term_string}\"},\"query-input\":\"required name=search_term_string\"}],\"inLanguage\":\"de\"}]}<\/script>\n<!-- \/ Yoast SEO plugin. -->","yoast_head_json":{"title":"SECANDA | Zusammenfassung \u2013 Research Coverage GBC","description":"Original-Research: InterCard AG Informationssysteme \u2013 von GBC AG","robots":{"index":"index","follow":"follow","max-snippet":"max-snippet:-1","max-image-preview":"max-image-preview:large","max-video-preview":"max-video-preview:-1"},"canonical":"https:\/\/wordpress.intrakey.de\/de\/investoren\/zusammenfassung-research-coverage-gbc","og_locale":"de_DE","og_type":"article","og_title":"SECANDA | Zusammenfassung \u2013 Research Coverage GBC","og_description":"Original-Research: InterCard AG Informationssysteme \u2013 von GBC AG","og_url":"https:\/\/wordpress.intrakey.de\/de\/investoren\/zusammenfassung-research-coverage-gbc","og_site_name":"SECANDA AG","article_modified_time":"2022-08-03T16:12:11+00:00","twitter_card":"summary_large_image","twitter_misc":{"Gesch\u00e4tzte Lesezeit":"9\u00a0Minuten"},"schema":{"@context":"https:\/\/schema.org","@graph":[{"@type":"WebPage","@id":"https:\/\/wordpress.intrakey.de\/de\/investoren\/zusammenfassung-research-coverage-gbc","url":"https:\/\/wordpress.intrakey.de\/de\/investoren\/zusammenfassung-research-coverage-gbc","name":"SECANDA | Zusammenfassung \u2013 Research Coverage GBC","isPartOf":{"@id":"https:\/\/wordpress.intrakey.de\/de\/#website"},"datePublished":"2021-10-20T13:38:57+00:00","dateModified":"2022-08-03T16:12:11+00:00","description":"Original-Research: InterCard AG Informationssysteme \u2013 von GBC AG","breadcrumb":{"@id":"https:\/\/wordpress.intrakey.de\/de\/investoren\/zusammenfassung-research-coverage-gbc#breadcrumb"},"inLanguage":"de","potentialAction":[{"@type":"ReadAction","target":["https:\/\/wordpress.intrakey.de\/de\/investoren\/zusammenfassung-research-coverage-gbc"]}]},{"@type":"BreadcrumbList","@id":"https:\/\/wordpress.intrakey.de\/de\/investoren\/zusammenfassung-research-coverage-gbc#breadcrumb","itemListElement":[{"@type":"ListItem","position":1,"name":"Startseite","item":"https:\/\/wordpress.intrakey.de\/de"},{"@type":"ListItem","position":2,"name":"SECANDA | Investor Relations","item":"https:\/\/wordpress.intrakey.de\/de\/investoren"},{"@type":"ListItem","position":3,"name":"SECANDA | Zusammenfassung \u2013 Research Coverage GBC"}]},{"@type":"WebSite","@id":"https:\/\/wordpress.intrakey.de\/de\/#website","url":"https:\/\/wordpress.intrakey.de\/de\/","name":"SECANDA AG","description":"","potentialAction":[{"@type":"SearchAction","target":{"@type":"EntryPoint","urlTemplate":"https:\/\/wordpress.intrakey.de\/de\/?s={search_term_string}"},"query-input":"required name=search_term_string"}],"inLanguage":"de"}]}},"_links":{"self":[{"href":"https:\/\/wordpress.intrakey.de\/de\/wp-json\/wp\/v2\/pages\/8813"}],"collection":[{"href":"https:\/\/wordpress.intrakey.de\/de\/wp-json\/wp\/v2\/pages"}],"about":[{"href":"https:\/\/wordpress.intrakey.de\/de\/wp-json\/wp\/v2\/types\/page"}],"author":[{"embeddable":true,"href":"https:\/\/wordpress.intrakey.de\/de\/wp-json\/wp\/v2\/users\/7"}],"replies":[{"embeddable":true,"href":"https:\/\/wordpress.intrakey.de\/de\/wp-json\/wp\/v2\/comments?post=8813"}],"version-history":[{"count":7,"href":"https:\/\/wordpress.intrakey.de\/de\/wp-json\/wp\/v2\/pages\/8813\/revisions"}],"predecessor-version":[{"id":17198,"href":"https:\/\/wordpress.intrakey.de\/de\/wp-json\/wp\/v2\/pages\/8813\/revisions\/17198"}],"up":[{"embeddable":true,"href":"https:\/\/wordpress.intrakey.de\/de\/wp-json\/wp\/v2\/pages\/1424"}],"wp:attachment":[{"href":"https:\/\/wordpress.intrakey.de\/de\/wp-json\/wp\/v2\/media?parent=8813"}],"curies":[{"name":"wp","href":"https:\/\/api.w.org\/{rel}","templated":true}]}}